{"id":56,"date":"2015-10-02T06:41:04","date_gmt":"2015-10-02T06:41:04","guid":{"rendered":"http:\/\/physiohudson.com\/therapy\/?page_id=56"},"modified":"2025-04-14T14:53:48","modified_gmt":"2025-04-14T14:53:48","slug":"insurance-fees","status":"publish","type":"page","link":"https:\/\/physiohudson.com\/therapy\/insurance-fees\/","title":{"rendered":"Fees\/Prices"},"content":{"rendered":"<h3><span style=\"color: #c91c21;\">PHYSIOTHERAPY<\/span><\/h3>\n<p>For the safety of our other patients and our staff, and in accordance with provincial regulations:<\/p>\n<ul>\n<li>if you have a fever: you need to stay home<\/li>\n<li>if you have a sore throat\/cough\/nasal congestion: you must wear a mask while in the clinic<\/li>\n<li>at all times: we recommend hand disinfection<\/li>\n<li>our staff will follow the same guidelines<\/li>\n<li>If you would like your clinician to wear a mask in your presence, please ask<\/li>\n<\/ul>\n<p>All our clinicians are members of the Ordre professionnel de la physioth\u00e9rapie du Qu\u00e9bec, and thus are recognized by all insurance companies. In Qu\u00e9bec, we cannot bill your insurance company, therefore you must pay for your treatments and submit the receipts to your insurance company. A medical referral is not necessary unless your insurance company requires one.<\/p>\n<ul>\n<li>Initial visit includes an evaluation and a treatment: $105<\/li>\n<li>Subsequent treatments: $98<\/li>\n<li>Physiotherapy for vertigo (BPPV) or neuro: $130<\/li>\n<li>Work accidents: the fees are fully covered by the CNESST (medical referral required)<\/li>\n<li>Car accidents: the fees are covered by the SAAQ (medical referral required)<\/li>\n<li>Virtual physiotherapy (tele-rehabilitation) by computer, tablet or phone<\/li>\n<\/ul>\n<h3>OSTEOPATHY<\/h3>\n<ul>\n<li>osteopathy, 55 minutes: $105<\/li>\n<\/ul>\n<h3>MASSAGE THERAPY<\/h3>\n<ul>\n<li>massage therapy, 60 minutes: $85 (temporarily not available)<\/li>\n<\/ul>\n<p>&nbsp;<\/p>\n<h2 style=\"text-align: center;\"><a href=\"http:\/\/physiohudson.com\/therapy\/schedule-an-appointment\/\">Schedule an Appointment Today<\/a><\/h2>\n<p style=\"text-align: center;\"><sub><a href=\"http:\/\/physiohudson.com\/therapy\/index.php\/100-guarantee\/\">100% Guarantee<\/a><\/sub><\/p>\n<p style=\"text-align: center;\"><sub><a href=\"http:\/\/physiohudson.com\/therapy\/index.php\/how-to-prepare-for-your-1st-appointment\/\">How to Prepare for your 1st Appointment<\/a><\/sub><\/p>\n","protected":false},"excerpt":{"rendered":"<p>PHYSIOTHERAPY For the safety of our other patients and our staff, and in accordance with provincial regulations: if you have a fever: you need to stay home if you have a sore throat\/cough\/nasal congestion: you must wear a mask while in the clinic at all times: we recommend hand disinfection our staff will follow the [&hellip;]<\/p>\n","protected":false},"author":1,"featured_media":0,"parent":0,"menu_order":0,"comment_status":"closed","ping_status":"closed","template":"","meta":{"_genesis_hide_title":false,"_genesis_hide_breadcrumbs":false,"_genesis_hide_singular_image":false,"_genesis_hide_footer_widgets":false,"_genesis_custom_body_class":"","_genesis_custom_post_class":"","_genesis_layout":"","footnotes":""},"class_list":{"0":"post-56","1":"page","2":"type-page","3":"status-publish","5":"entry"},"yoast_head":"<!-- This site is optimized with the Yoast SEO plugin v27.4 - https:\/\/yoast.com\/product\/yoast-seo-wordpress\/ -->\n<title>Fees\/Prices - Physiotherapy Hudson<\/title>\n<meta name=\"robots\" content=\"index, follow, max-snippet:-1, max-image-preview:large, max-video-preview:-1\" \/>\n<link rel=\"canonical\" href=\"https:\/\/physiohudson.com\/therapy\/insurance-fees\/\" \/>\n<meta property=\"og:locale\" content=\"en_US\" \/>\n<meta property=\"og:type\" content=\"article\" \/>\n<meta property=\"og:title\" content=\"Fees\/Prices - Physiotherapy Hudson\" \/>\n<meta property=\"og:description\" content=\"PHYSIOTHERAPY For the safety of our other patients and our staff, and in accordance with provincial regulations: if you have a fever: you need to stay home if you have a sore throat\/cough\/nasal congestion: you must wear a mask while in the clinic at all times: we recommend hand disinfection our staff will follow the [&hellip;]\" \/>\n<meta property=\"og:url\" content=\"https:\/\/physiohudson.com\/therapy\/insurance-fees\/\" \/>\n<meta property=\"og:site_name\" content=\"Physiotherapy Hudson\" \/>\n<meta property=\"article:modified_time\" content=\"2025-04-14T14:53:48+00:00\" \/>\n<meta name=\"twitter:card\" content=\"summary_large_image\" \/>\n<meta name=\"twitter:label1\" content=\"Est. reading time\" \/>\n\t<meta name=\"twitter:data1\" content=\"1 minute\" \/>\n<script type=\"application\/ld+json\" class=\"yoast-schema-graph\">{\"@context\":\"https:\\\/\\\/schema.org\",\"@graph\":[{\"@type\":\"WebPage\",\"@id\":\"https:\\\/\\\/physiohudson.com\\\/therapy\\\/insurance-fees\\\/\",\"url\":\"https:\\\/\\\/physiohudson.com\\\/therapy\\\/insurance-fees\\\/\",\"name\":\"Fees\\\/Prices - Physiotherapy Hudson\",\"isPartOf\":{\"@id\":\"https:\\\/\\\/physiohudson.com\\\/therapy\\\/#website\"},\"datePublished\":\"2015-10-02T06:41:04+00:00\",\"dateModified\":\"2025-04-14T14:53:48+00:00\",\"breadcrumb\":{\"@id\":\"https:\\\/\\\/physiohudson.com\\\/therapy\\\/insurance-fees\\\/#breadcrumb\"},\"inLanguage\":\"en-US\",\"potentialAction\":[{\"@type\":\"ReadAction\",\"target\":[\"https:\\\/\\\/physiohudson.com\\\/therapy\\\/insurance-fees\\\/\"]}]},{\"@type\":\"BreadcrumbList\",\"@id\":\"https:\\\/\\\/physiohudson.com\\\/therapy\\\/insurance-fees\\\/#breadcrumb\",\"itemListElement\":[{\"@type\":\"ListItem\",\"position\":1,\"name\":\"Home\",\"item\":\"https:\\\/\\\/physiohudson.com\\\/therapy\\\/\"},{\"@type\":\"ListItem\",\"position\":2,\"name\":\"Fees\\\/Prices\"}]},{\"@type\":\"WebSite\",\"@id\":\"https:\\\/\\\/physiohudson.com\\\/therapy\\\/#website\",\"url\":\"https:\\\/\\\/physiohudson.com\\\/therapy\\\/\",\"name\":\"Physiotherapy Hudson\",\"description\":\"Physiotherapy in Hudson, Canada\",\"potentialAction\":[{\"@type\":\"SearchAction\",\"target\":{\"@type\":\"EntryPoint\",\"urlTemplate\":\"https:\\\/\\\/physiohudson.com\\\/therapy\\\/?s={search_term_string}\"},\"query-input\":{\"@type\":\"PropertyValueSpecification\",\"valueRequired\":true,\"valueName\":\"search_term_string\"}}],\"inLanguage\":\"en-US\"}]}<\/script>\n<!-- \/ Yoast SEO plugin. -->","yoast_head_json":{"title":"Fees\/Prices - Physiotherapy Hudson","robots":{"index":"index","follow":"follow","max-snippet":"max-snippet:-1","max-image-preview":"max-image-preview:large","max-video-preview":"max-video-preview:-1"},"canonical":"https:\/\/physiohudson.com\/therapy\/insurance-fees\/","og_locale":"en_US","og_type":"article","og_title":"Fees\/Prices - Physiotherapy Hudson","og_description":"PHYSIOTHERAPY For the safety of our other patients and our staff, and in accordance with provincial regulations: if you have a fever: you need to stay home if you have a sore throat\/cough\/nasal congestion: you must wear a mask while in the clinic at all times: we recommend hand disinfection our staff will follow the [&hellip;]","og_url":"https:\/\/physiohudson.com\/therapy\/insurance-fees\/","og_site_name":"Physiotherapy Hudson","article_modified_time":"2025-04-14T14:53:48+00:00","twitter_card":"summary_large_image","twitter_misc":{"Est. reading time":"1 minute"},"schema":{"@context":"https:\/\/schema.org","@graph":[{"@type":"WebPage","@id":"https:\/\/physiohudson.com\/therapy\/insurance-fees\/","url":"https:\/\/physiohudson.com\/therapy\/insurance-fees\/","name":"Fees\/Prices - Physiotherapy Hudson","isPartOf":{"@id":"https:\/\/physiohudson.com\/therapy\/#website"},"datePublished":"2015-10-02T06:41:04+00:00","dateModified":"2025-04-14T14:53:48+00:00","breadcrumb":{"@id":"https:\/\/physiohudson.com\/therapy\/insurance-fees\/#breadcrumb"},"inLanguage":"en-US","potentialAction":[{"@type":"ReadAction","target":["https:\/\/physiohudson.com\/therapy\/insurance-fees\/"]}]},{"@type":"BreadcrumbList","@id":"https:\/\/physiohudson.com\/therapy\/insurance-fees\/#breadcrumb","itemListElement":[{"@type":"ListItem","position":1,"name":"Home","item":"https:\/\/physiohudson.com\/therapy\/"},{"@type":"ListItem","position":2,"name":"Fees\/Prices"}]},{"@type":"WebSite","@id":"https:\/\/physiohudson.com\/therapy\/#website","url":"https:\/\/physiohudson.com\/therapy\/","name":"Physiotherapy Hudson","description":"Physiotherapy in Hudson, Canada","potentialAction":[{"@type":"SearchAction","target":{"@type":"EntryPoint","urlTemplate":"https:\/\/physiohudson.com\/therapy\/?s={search_term_string}"},"query-input":{"@type":"PropertyValueSpecification","valueRequired":true,"valueName":"search_term_string"}}],"inLanguage":"en-US"}]}},"_links":{"self":[{"href":"https:\/\/physiohudson.com\/therapy\/wp-json\/wp\/v2\/pages\/56","targetHints":{"allow":["GET"]}}],"collection":[{"href":"https:\/\/physiohudson.com\/therapy\/wp-json\/wp\/v2\/pages"}],"about":[{"href":"https:\/\/physiohudson.com\/therapy\/wp-json\/wp\/v2\/types\/page"}],"author":[{"embeddable":true,"href":"https:\/\/physiohudson.com\/therapy\/wp-json\/wp\/v2\/users\/1"}],"replies":[{"embeddable":true,"href":"https:\/\/physiohudson.com\/therapy\/wp-json\/wp\/v2\/comments?post=56"}],"version-history":[{"count":20,"href":"https:\/\/physiohudson.com\/therapy\/wp-json\/wp\/v2\/pages\/56\/revisions"}],"predecessor-version":[{"id":1096,"href":"https:\/\/physiohudson.com\/therapy\/wp-json\/wp\/v2\/pages\/56\/revisions\/1096"}],"wp:attachment":[{"href":"https:\/\/physiohudson.com\/therapy\/wp-json\/wp\/v2\/media?parent=56"}],"curies":[{"name":"wp","href":"https:\/\/api.w.org\/{rel}","templated":true}]}}